{"id":327,"date":"2023-06-22T16:32:42","date_gmt":"2023-06-22T21:32:42","guid":{"rendered":"http:\/\/renafipse.ec\/?page_id=327"},"modified":"2024-01-16T09:30:33","modified_gmt":"2024-01-16T14:30:33","slug":"minka-pagos","status":"publish","type":"page","link":"http:\/\/renafipse.ec\/?page_id=327","title":{"rendered":"Minka Pagos"},"content":{"rendered":"\t\t<div data-elementor-type=\"wp-page\" data-elementor-id=\"327\" class=\"elementor elementor-327\">\n\t\t\t\t\t\t\t\t\t<section class=\"elementor-section elementor-top-section elementor-element elementor-element-497e2d8 elementor-section-height-min-height elementor-section-stretched elementor-section-boxed elementor-section-height-default elementor-section-items-middle\" data-id=\"497e2d8\" data-element_type=\"section\" data-settings=\"{&quot;stretch_section&quot;:&quot;section-stretched&quot;,&quot;background_background&quot;:&quot;classic&quot;}\">\n\t\t\t\t\t\t\t<div class=\"elementor-background-overlay\"><\/div>\n\t\t\t\t\t\t\t<div class=\"elementor-container elementor-column-gap-default\">\n\t\t\t\t\t<div class=\"elementor-column elementor-col-50 elementor-top-column elementor-element elementor-element-517102f\" data-id=\"517102f\" data-element_type=\"column\">\n\t\t\t<div class=\"elementor-widget-wrap\">\n\t\t\t\t\t\t\t\t\t<\/div>\n\t\t<\/div>\n\t\t\t\t<div class=\"elementor-column elementor-col-50 elementor-top-column elementor-element elementor-element-1584661\" data-id=\"1584661\" data-element_type=\"column\">\n\t\t\t<div class=\"elementor-widget-wrap\">\n\t\t\t\t\t\t\t\t\t<\/div>\n\t\t<\/div>\n\t\t\t\t\t\t\t<\/div>\n\t\t<\/section>\n\t\t<div class=\"elementor-element elementor-element-512d51f e-flex e-con-boxed e-con\" data-id=\"512d51f\" data-element_type=\"container\" data-settings=\"{&quot;content_width&quot;:&quot;boxed&quot;}\">\n\t\t\t\t\t<div class=\"e-con-inner\">\n\t\t\t\t<div class=\"elementor-element elementor-element-3f7b059 elementor-widget elementor-widget-spacer\" data-id=\"3f7b059\" data-element_type=\"widget\" data-widget_type=\"spacer.default\">\n\t\t\t\t<div class=\"elementor-widget-container\">\n\t\t\t<style>\/*! elementor - v3.14.0 - 18-06-2023 *\/\n.elementor-column .elementor-spacer-inner{height:var(--spacer-size)}.e-con{--container-widget-width:100%}.e-con-inner>.elementor-widget-spacer,.e-con>.elementor-widget-spacer{width:var(--container-widget-width,var(--spacer-size));--align-self:var(--container-widget-align-self,initial);--flex-shrink:0}.e-con-inner>.elementor-widget-spacer>.elementor-widget-container,.e-con-inner>.elementor-widget-spacer>.elementor-widget-container>.elementor-spacer,.e-con>.elementor-widget-spacer>.elementor-widget-container,.e-con>.elementor-widget-spacer>.elementor-widget-container>.elementor-spacer{height:100%}.e-con-inner>.elementor-widget-spacer>.elementor-widget-container>.elementor-spacer>.elementor-spacer-inner,.e-con>.elementor-widget-spacer>.elementor-widget-container>.elementor-spacer>.elementor-spacer-inner{height:var(--container-widget-height,var(--spacer-size))}<\/style>\t\t<div class=\"elementor-spacer\">\n\t\t\t<div class=\"elementor-spacer-inner\"><\/div>\n\t\t<\/div>\n\t\t\t\t<\/div>\n\t\t\t\t<\/div>\n\t\t\t\t\t<\/div>\n\t\t\t\t<\/div>\n\t\t\t\t<section class=\"elementor-section elementor-top-section elementor-element elementor-element-bf40bcc elementor-section-boxed elementor-section-height-default elementor-section-height-default\" data-id=\"bf40bcc\" data-element_type=\"section\">\n\t\t\t\t\t\t<div class=\"elementor-container elementor-column-gap-default\">\n\t\t\t\t\t<div class=\"elementor-column elementor-col-100 elementor-top-column elementor-element elementor-element-74d17d6\" data-id=\"74d17d6\" data-element_type=\"column\">\n\t\t\t<div class=\"elementor-widget-wrap elementor-element-populated\">\n\t\t\t\t\t\t\t\t<div class=\"elementor-element elementor-element-d198e7d elementor-widget elementor-widget-heading\" data-id=\"d198e7d\" data-element_type=\"widget\" data-widget_type=\"heading.default\">\n\t\t\t\t<div class=\"elementor-widget-container\">\n\t\t\t<style>\/*! elementor - v3.14.0 - 18-06-2023 *\/\n.elementor-heading-title{padding:0;margin:0;line-height:1}.elementor-widget-heading .elementor-heading-title[class*=elementor-size-]>a{color:inherit;font-size:inherit;line-height:inherit}.elementor-widget-heading .elementor-heading-title.elementor-size-small{font-size:15px}.elementor-widget-heading .elementor-heading-title.elementor-size-medium{font-size:19px}.elementor-widget-heading .elementor-heading-title.elementor-size-large{font-size:29px}.elementor-widget-heading .elementor-heading-title.elementor-size-xl{font-size:39px}.elementor-widget-heading .elementor-heading-title.elementor-size-xxl{font-size:59px}<\/style><h2 class=\"elementor-heading-title elementor-size-default\">MINKA PAGOS<\/h2>\t\t<\/div>\n\t\t\t\t<\/div>\n\t\t\t\t\t<\/div>\n\t\t<\/div>\n\t\t\t\t\t\t\t<\/div>\n\t\t<\/section>\n\t\t\t\t<section class=\"elementor-section elementor-top-section elementor-element elementor-element-56b045a elementor-section-boxed elementor-section-height-default elementor-section-height-default\" data-id=\"56b045a\" data-element_type=\"section\">\n\t\t\t\t\t\t<div class=\"elementor-container elementor-column-gap-wider\">\n\t\t\t\t\t<div class=\"elementor-column elementor-col-50 elementor-top-column elementor-element elementor-element-0f19580\" data-id=\"0f19580\" data-element_type=\"column\">\n\t\t\t<div class=\"elementor-widget-wrap elementor-element-populated\">\n\t\t\t\t\t\t\t\t<section class=\"elementor-section elementor-inner-section elementor-element elementor-element-22a2b78 elementor-section-boxed elementor-section-height-default elementor-section-height-default\" data-id=\"22a2b78\" data-element_type=\"section\">\n\t\t\t\t\t\t<div class=\"elementor-container elementor-column-gap-default\">\n\t\t\t\t\t<div class=\"elementor-column elementor-col-100 elementor-inner-column elementor-element elementor-element-aa047cc\" data-id=\"aa047cc\" data-element_type=\"column\">\n\t\t\t<div class=\"elementor-widget-wrap elementor-element-populated\">\n\t\t\t\t\t\t\t\t<div class=\"elementor-element elementor-element-b37cbe7 elementor-widget elementor-widget-text-editor\" data-id=\"b37cbe7\" data-element_type=\"widget\" data-widget_type=\"text-editor.default\">\n\t\t\t\t<div class=\"elementor-widget-container\">\n\t\t\t<style>\/*! elementor - v3.14.0 - 18-06-2023 *\/\n.elementor-widget-text-editor.elementor-drop-cap-view-stacked .elementor-drop-cap{background-color:#69727d;color:#fff}.elementor-widget-text-editor.elementor-drop-cap-view-framed .elementor-drop-cap{color:#69727d;border:3px solid;background-color:transparent}.elementor-widget-text-editor:not(.elementor-drop-cap-view-default) .elementor-drop-cap{margin-top:8px}.elementor-widget-text-editor:not(.elementor-drop-cap-view-default) .elementor-drop-cap-letter{width:1em;height:1em}.elementor-widget-text-editor .elementor-drop-cap{float:left;text-align:center;line-height:1;font-size:50px}.elementor-widget-text-editor .elementor-drop-cap-letter{display:inline-block}<\/style>\t\t\t\t<p style=\"color: black;\"><b>RENAFIPSE<\/b>, comprometida con el fortalecimiento del Sector Popular y Solidario, se involucr\u00f3 en la generaci\u00f3n de nuevas alternativas tecnol\u00f3gicas\u00a0a trav\u00e9s de su Software transaccional que gestiona el cobro de planillas de energ\u00eda el\u00e9ctrica mediante el enlace al sistema nacional de recaudaci\u00f3n.<\/p><p style=\"font-size: 16px; font-style: normal; font-weight: 400;\">Siendo el objetivo central Fortalecer el sistema financiero, desarrollando competencias b\u00e1sicas en el \u00e1mbito de sus funciones.<\/p>\t\t\t\t\t\t<\/div>\n\t\t\t\t<\/div>\n\t\t\t\t\t<\/div>\n\t\t<\/div>\n\t\t\t\t\t\t\t<\/div>\n\t\t<\/section>\n\t\t\t\t\t<\/div>\n\t\t<\/div>\n\t\t\t\t<div class=\"elementor-column elementor-col-50 elementor-top-column elementor-element elementor-element-3f73ce4\" data-id=\"3f73ce4\" data-element_type=\"column\">\n\t\t\t<div class=\"elementor-widget-wrap elementor-element-populated\">\n\t\t\t\t\t\t\t\t<div class=\"elementor-element elementor-element-9b47f22 elementor-widget__width-inherit elementor-widget elementor-widget-image\" data-id=\"9b47f22\" data-element_type=\"widget\" data-widget_type=\"image.default\">\n\t\t\t\t<div class=\"elementor-widget-container\">\n\t\t\t<style>\/*! elementor - v3.14.0 - 18-06-2023 *\/\n.elementor-widget-image{text-align:center}.elementor-widget-image a{display:inline-block}.elementor-widget-image a img[src$=\".svg\"]{width:48px}.elementor-widget-image img{vertical-align:middle;display:inline-block}<\/style>\t\t\t\t\t\t\t\t\t\t\t\t<img decoding=\"async\" width=\"995\" height=\"550\" src=\"http:\/\/renafipse.ec\/wp-content\/uploads\/2023\/06\/12.png\" class=\"attachment-full size-full wp-image-316\" alt=\"\" loading=\"lazy\" srcset=\"http:\/\/renafipse.ec\/wp-content\/uploads\/2023\/06\/12.png 995w, http:\/\/renafipse.ec\/wp-content\/uploads\/2023\/06\/12-300x166.png 300w, http:\/\/renafipse.ec\/wp-content\/uploads\/2023\/06\/12-768x425.png 768w\" sizes=\"(max-width: 995px) 100vw, 995px\" \/>\t\t\t\t\t\t\t\t\t\t\t\t\t\t\t<\/div>\n\t\t\t\t<\/div>\n\t\t\t\t\t<\/div>\n\t\t<\/div>\n\t\t\t\t\t\t\t<\/div>\n\t\t<\/section>\n\t\t<div class=\"elementor-element elementor-element-7b74a27 e-flex e-con-boxed e-con\" data-id=\"7b74a27\" data-element_type=\"container\" data-settings=\"{&quot;content_width&quot;:&quot;boxed&quot;}\">\n\t\t\t\t\t<div class=\"e-con-inner\">\n\t\t\t\t<div class=\"elementor-element elementor-element-16f9802 elementor-widget elementor-widget-spacer\" data-id=\"16f9802\" data-element_type=\"widget\" data-widget_type=\"spacer.default\">\n\t\t\t\t<div class=\"elementor-widget-container\">\n\t\t\t\t\t<div class=\"elementor-spacer\">\n\t\t\t<div class=\"elementor-spacer-inner\"><\/div>\n\t\t<\/div>\n\t\t\t\t<\/div>\n\t\t\t\t<\/div>\n\t\t\t\t\t<\/div>\n\t\t\t\t<\/div>\n\t\t\t\t<section class=\"elementor-section elementor-top-section elementor-element elementor-element-c026308 elementor-section-boxed elementor-section-height-default elementor-section-height-default\" data-id=\"c026308\" data-element_type=\"section\">\n\t\t\t\t\t\t<div class=\"elementor-container elementor-column-gap-default\">\n\t\t\t\t\t<div class=\"elementor-column elementor-col-100 elementor-top-column elementor-element elementor-element-f014f67\" data-id=\"f014f67\" data-element_type=\"column\">\n\t\t\t<div class=\"elementor-widget-wrap elementor-element-populated\">\n\t\t\t\t\t\t\t\t<div class=\"elementor-element elementor-element-951b254 elementor-widget elementor-widget-heading\" data-id=\"951b254\" data-element_type=\"widget\" data-widget_type=\"heading.default\">\n\t\t\t\t<div class=\"elementor-widget-container\">\n\t\t\t<h2 class=\"elementor-heading-title elementor-size-default\">COMPARATIVOS CON OTRAS EMPRESAS<\/h2>\t\t<\/div>\n\t\t\t\t<\/div>\n\t\t\t\t\t<\/div>\n\t\t<\/div>\n\t\t\t\t\t\t\t<\/div>\n\t\t<\/section>\n\t\t<div class=\"elementor-element elementor-element-599c7fa e-flex e-con-boxed e-con\" data-id=\"599c7fa\" data-element_type=\"container\" data-settings=\"{&quot;content_width&quot;:&quot;boxed&quot;}\">\n\t\t\t\t\t<div class=\"e-con-inner\">\n\t\t<div class=\"elementor-element elementor-element-e3bf69c e-con-full e-transform e-flex e-con\" data-id=\"e3bf69c\" data-element_type=\"container\" data-settings=\"{&quot;content_width&quot;:&quot;full&quot;,&quot;background_background&quot;:&quot;classic&quot;,&quot;_transform_scale_effect_hover&quot;:{&quot;unit&quot;:&quot;px&quot;,&quot;size&quot;:1.015,&quot;sizes&quot;:[]},&quot;_transform_scale_effect_hover_tablet&quot;:{&quot;unit&quot;:&quot;px&quot;,&quot;size&quot;:&quot;&quot;,&quot;sizes&quot;:[]},&quot;_transform_scale_effect_hover_mobile&quot;:{&quot;unit&quot;:&quot;px&quot;,&quot;size&quot;:&quot;&quot;,&quot;sizes&quot;:[]}}\">\n\t\t\t\t<div class=\"elementor-element elementor-element-c15c6a5 elementor-widget elementor-widget-image\" data-id=\"c15c6a5\" data-element_type=\"widget\" data-widget_type=\"image.default\">\n\t\t\t\t<div class=\"elementor-widget-container\">\n\t\t\t\t\t\t\t\t\t\t\t\t\t\t\t<img decoding=\"async\" width=\"97\" height=\"94\" src=\"http:\/\/renafipse.ec\/wp-content\/uploads\/2023\/06\/comp1.png\" class=\"attachment-thumbnail size-thumbnail wp-image-335\" alt=\"\" loading=\"lazy\" \/>\t\t\t\t\t\t\t\t\t\t\t\t\t\t\t<\/div>\n\t\t\t\t<\/div>\n\t\t\t\t<div class=\"elementor-element elementor-element-e07d62c elementor-widget elementor-widget-text-editor\" data-id=\"e07d62c\" data-element_type=\"widget\" data-widget_type=\"text-editor.default\">\n\t\t\t\t<div class=\"elementor-widget-container\">\n\t\t\t\t\t\t\t<br><div style=\"text-align: center;\">\n  <h6>VALOR QUE RETIENE EL PROVEEDOR POR TRANSACCI\u00d3N<\/h6>\n  <br>\n<\/div>\n\n<h6 style=\"font-weight: normal; text-align: center;\">$ 0.32 centavos<\/h6>\n<br>\n\n<h6 style=\"text-align: center;\">COSTO POR TRANSACCI\u00d3N AL P\u00daBLICO<\/h6>\n<br>\n\n<h6 style=\"font-weight: normal; text-align: center;\">$ 0.36 centavos<\/h6>\n<br>\n\n<h6 style=\"text-align: center;\">COMISI\u00d3N GANADA POR LA COAC<\/h6>\n<br>\n\n<h6 style=\"font-weight: normal; text-align: center;\">$ 0.36 centavos<\/h6>\n<br>\n\n<h5 style=\"text-align: center;\">11% GANANCIA<\/h5>\n<br>\n\t\t\t\t\t\t<\/div>\n\t\t\t\t<\/div>\n\t\t\t\t<\/div>\n\t\t<div class=\"elementor-element elementor-element-f7ab129 e-con-full e-transform e-flex e-con\" data-id=\"f7ab129\" data-element_type=\"container\" data-settings=\"{&quot;content_width&quot;:&quot;full&quot;,&quot;background_background&quot;:&quot;classic&quot;,&quot;_transform_scale_effect_hover&quot;:{&quot;unit&quot;:&quot;px&quot;,&quot;size&quot;:1.015,&quot;sizes&quot;:[]},&quot;_transform_scale_effect_hover_tablet&quot;:{&quot;unit&quot;:&quot;px&quot;,&quot;size&quot;:&quot;&quot;,&quot;sizes&quot;:[]},&quot;_transform_scale_effect_hover_mobile&quot;:{&quot;unit&quot;:&quot;px&quot;,&quot;size&quot;:&quot;&quot;,&quot;sizes&quot;:[]}}\">\n\t\t\t\t<div class=\"elementor-element elementor-element-8b0c6d7 elementor-widget elementor-widget-image\" data-id=\"8b0c6d7\" data-element_type=\"widget\" data-widget_type=\"image.default\">\n\t\t\t\t<div class=\"elementor-widget-container\">\n\t\t\t\t\t\t\t\t\t\t\t\t\t\t\t<img decoding=\"async\" width=\"97\" height=\"93\" src=\"http:\/\/renafipse.ec\/wp-content\/uploads\/2023\/06\/comp2.png\" class=\"attachment-thumbnail size-thumbnail wp-image-336\" alt=\"\" loading=\"lazy\" \/>\t\t\t\t\t\t\t\t\t\t\t\t\t\t\t<\/div>\n\t\t\t\t<\/div>\n\t\t\t\t<div class=\"elementor-element elementor-element-08d2e61 elementor-widget elementor-widget-text-editor\" data-id=\"08d2e61\" data-element_type=\"widget\" data-widget_type=\"text-editor.default\">\n\t\t\t\t<div class=\"elementor-widget-container\">\n\t\t\t\t\t\t\t&nbsp;\n<div style=\"text-align: center;\">\n<h6>VALOR QUE RETIENE EL PROVEEDOR POR TRANSACCI\u00d3N<\/h6>\n&nbsp;\n<h6 style=\"font-weight: normal;\">$ 0.10 centavos<\/h6>\n&nbsp;\n<h6>COSTO POR TRANSACCI\u00d3N AL P\u00daBLICO<\/h6>\n&nbsp;\n<h6 style=\"font-weight: normal;\">$0.57 centavos<\/h6>\n&nbsp;\n<h6>COMISI\u00d3N GANADA POR LA COAC<\/h6>\n&nbsp;\n<h6 style=\"font-weight: normal;\">0.02 centavos<\/h6>\n&nbsp;\n<h5>3,5% GANANCIA<\/h5>\n<\/div>\t\t\t\t\t\t<\/div>\n\t\t\t\t<\/div>\n\t\t\t\t<\/div>\n\t\t<div class=\"elementor-element elementor-element-1803861 e-con-full e-transform e-flex e-con\" data-id=\"1803861\" data-element_type=\"container\" data-settings=\"{&quot;content_width&quot;:&quot;full&quot;,&quot;background_background&quot;:&quot;classic&quot;,&quot;_transform_scale_effect_hover&quot;:{&quot;unit&quot;:&quot;px&quot;,&quot;size&quot;:1.015,&quot;sizes&quot;:[]},&quot;_transform_scale_effect_hover_tablet&quot;:{&quot;unit&quot;:&quot;px&quot;,&quot;size&quot;:&quot;&quot;,&quot;sizes&quot;:[]},&quot;_transform_scale_effect_hover_mobile&quot;:{&quot;unit&quot;:&quot;px&quot;,&quot;size&quot;:&quot;&quot;,&quot;sizes&quot;:[]}}\">\n\t\t\t\t<div class=\"elementor-element elementor-element-987431d elementor-widget elementor-widget-image\" data-id=\"987431d\" data-element_type=\"widget\" data-widget_type=\"image.default\">\n\t\t\t\t<div class=\"elementor-widget-container\">\n\t\t\t\t\t\t\t\t\t\t\t\t\t\t\t<img decoding=\"async\" width=\"97\" height=\"93\" src=\"http:\/\/renafipse.ec\/wp-content\/uploads\/2023\/06\/iconprueba1.png\" class=\"attachment-thumbnail size-thumbnail wp-image-337\" alt=\"\" loading=\"lazy\" \/>\t\t\t\t\t\t\t\t\t\t\t\t\t\t\t<\/div>\n\t\t\t\t<\/div>\n\t\t\t\t<div class=\"elementor-element elementor-element-6ebdcfa elementor-widget elementor-widget-text-editor\" data-id=\"6ebdcfa\" data-element_type=\"widget\" data-widget_type=\"text-editor.default\">\n\t\t\t\t<div class=\"elementor-widget-container\">\n\t\t\t\t\t\t\t&nbsp;\n<div style=\"text-align: center;\">\n<h6>VALOR QUE RETIENE EL PROVEEDOR POR TRANSACCI\u00d3N<\/h6>\n&nbsp;\n<h6 style=\"font-weight: normal;\">$ 0.55 centavos<\/h6>\n&nbsp;\n<h6>COSTO POR TRANSACCI\u00d3N AL P\u00daBLICO<\/h6>\n&nbsp;\n<h6 style=\"font-weight: normal;\">Fijado por la COAC<\/h6><br>\n<h6>COMISI\u00d3N GANADA POR LA COAC<\/h6>\n&nbsp;\n<h6 style=\"font-weight: normal;\">Fijado por la COAC<\/h6>\n&nbsp;\n<h5>Gana hasta mas de 100%<\/h5>\n&nbsp;\n\n<\/div>\t\t\t\t\t\t<\/div>\n\t\t\t\t<\/div>\n\t\t\t\t<\/div>\n\t\t\t\t\t<\/div>\n\t\t\t\t<\/div>\n\t\t\t\t\t\t\t<\/div>\n\t\t","protected":false},"excerpt":{"rendered":"<p>MINKA PAGOS RENAFIPSE, comprometida con el fortalecimiento del Sector Popular y Solidario, se involucr\u00f3 en la generaci\u00f3n de nuevas alternativas tecnol\u00f3gicas\u00a0a trav\u00e9s de su Software transaccional que gestiona el cobro de planillas de energ\u00eda el\u00e9ctrica mediante el enlace al sistema nacional de recaudaci\u00f3n. Siendo el objetivo central Fortalecer el sistema financiero, desarrollando competencias b\u00e1sicas en &hellip;<\/p>\n<p class=\"read-more\"> <a class=\"\" href=\"http:\/\/renafipse.ec\/?page_id=327\"> <span class=\"screen-reader-text\">Minka Pagos<\/span> Leer m\u00e1s &raquo;<\/a><\/p>\n","protected":false},"author":1,"featured_media":0,"parent":0,"menu_order":0,"comment_status":"closed","ping_status":"closed","template":"","meta":{"site-sidebar-layout":"no-sidebar","site-content-layout":"page-builder","ast-global-header-display":"","ast-banner-title-visibility":"","ast-main-header-display":"","ast-hfb-above-header-display":"","ast-hfb-below-header-display":"","ast-hfb-mobile-header-display":"","site-post-title":"disabled","ast-breadcrumbs-content":"","ast-featured-img":"disabled","footer-sml-layout":"","theme-transparent-header-meta":"","adv-header-id-meta":"","stick-header-meta":"","header-above-stick-meta":"","header-main-stick-meta":"","header-below-stick-meta":""},"aioseo_notices":[],"_links":{"self":[{"href":"http:\/\/renafipse.ec\/index.php?rest_route=\/wp\/v2\/pages\/327"}],"collection":[{"href":"http:\/\/renafipse.ec\/index.php?rest_route=\/wp\/v2\/pages"}],"about":[{"href":"http:\/\/renafipse.ec\/index.php?rest_route=\/wp\/v2\/types\/page"}],"author":[{"embeddable":true,"href":"http:\/\/renafipse.ec\/index.php?rest_route=\/wp\/v2\/users\/1"}],"replies":[{"embeddable":true,"href":"http:\/\/renafipse.ec\/index.php?rest_route=%2Fwp%2Fv2%2Fcomments&post=327"}],"version-history":[{"count":127,"href":"http:\/\/renafipse.ec\/index.php?rest_route=\/wp\/v2\/pages\/327\/revisions"}],"predecessor-version":[{"id":5662,"href":"http:\/\/renafipse.ec\/index.php?rest_route=\/wp\/v2\/pages\/327\/revisions\/5662"}],"wp:attachment":[{"href":"http:\/\/renafipse.ec\/index.php?rest_route=%2Fwp%2Fv2%2Fmedia&parent=327"}],"curies":[{"name":"wp","href":"https:\/\/api.w.org\/{rel}","templated":true}]}}